{"id":803,"date":"2025-09-22T15:56:19","date_gmt":"2025-09-22T13:56:19","guid":{"rendered":"https:\/\/connect-ett.com\/empresas\/"},"modified":"2025-10-11T16:57:11","modified_gmt":"2025-10-11T14:57:11","slug":"empresas","status":"publish","type":"page","link":"http:\/\/connect-ett.com\/es\/empresas\/","title":{"rendered":"Empresas"},"content":{"rendered":"","protected":false},"excerpt":{"rendered":"","protected":false},"author":1,"featured_media":0,"parent":0,"menu_order":0,"comment_status":"closed","ping_status":"closed","template":"","meta":{"_seopress_robots_primary_cat":"","_seopress_titles_title":"Soluciones de contractaci\u00f3n de personal para Empresas","_seopress_titles_desc":"Damos soluciones de contrataci\u00f3n de personal para empresas de forma personalizada. Selecci\u00f3n de trabajo temporal, log\u00edstica, embalaje y asesoramiento integral","_seopress_robots_index":"","footnotes":""},"class_list":["post-803","page","type-page","status-publish","hentry"],"_links":{"self":[{"href":"http:\/\/connect-ett.com\/es\/wp-json\/wp\/v2\/pages\/803","targetHints":{"allow":["GET"]}}],"collection":[{"href":"http:\/\/connect-ett.com\/es\/wp-json\/wp\/v2\/pages"}],"about":[{"href":"http:\/\/connect-ett.com\/es\/wp-json\/wp\/v2\/types\/page"}],"author":[{"embeddable":true,"href":"http:\/\/connect-ett.com\/es\/wp-json\/wp\/v2\/users\/1"}],"replies":[{"embeddable":true,"href":"http:\/\/connect-ett.com\/es\/wp-json\/wp\/v2\/comments?post=803"}],"version-history":[{"count":1,"href":"http:\/\/connect-ett.com\/es\/wp-json\/wp\/v2\/pages\/803\/revisions"}],"predecessor-version":[{"id":917,"href":"http:\/\/connect-ett.com\/es\/wp-json\/wp\/v2\/pages\/803\/revisions\/917"}],"wp:attachment":[{"href":"http:\/\/connect-ett.com\/es\/wp-json\/wp\/v2\/media?parent=803"}],"curies":[{"name":"wp","href":"https:\/\/api.w.org\/{rel}","templated":true}]}}